{"id":7,"date":"2014-09-29T11:47:39","date_gmt":"2014-09-29T09:47:39","guid":{"rendered":"http:\/\/luebbert-architekten.de\/?page_id=7"},"modified":"2014-09-29T23:18:41","modified_gmt":"2014-09-29T21:18:41","slug":"projekte","status":"publish","type":"page","link":"https:\/\/luebbert-architekten.de\/?page_id=7","title":{"rendered":"Projekte"},"content":{"rendered":"<div id=\"content_div\">\n<table cellspacing=\"0\" cellpadding=\"0\" border=\"0\" id=\"content_table\">\n<tbody>\n<tr>\n<td valign=\"top\" id=\"content_td_txt\">\n<h2>Resorthotel<\/h2>\n<p><small>Wittd\u00fcn \/ Amrum 2006<\/small><\/p>\n<div id=\"main_txt_div\">Projektstudie f\u00fcr ein Hotel mit ca. 200 Betten  in Kombination mit einem Wellness- und Kurmittelzentrum in Wittd\u00fcn auf Amrum <\/p>\n<p> Architekten &#8211; Arbeitsgemeinschaft<br \/>Planungsteam III GmbH &#8211; <br \/>Dipl. Ing. Klaus L\u00fcbbert<\/div>\n<div id=\"credits\">\n<table border=\"0\" cellpadding=\"0\" cellspacing=\"0\">\n<tbody>\n<tr>\n<td valign=\"top\">Mitarbeit \/&nbsp;<\/td>\n<td>Dipl.-Ing. Klaus L\u00fcbbert <br \/> Architekt J\u00f6rg Quibeldey<\/td>\n<\/tr>\n<\/tbody>\n<\/table>\n<p>Visualisierung \/ Architekt J\u00f6rg Quibeldey<\/div>\n<\/td>\n<td rowspan=\"2\" id=\"content_td_img\"><img loading=\"lazy\" decoding=\"async\" src=\"images\/content_img\/wittduen_01.jpg\" alt=\"norddorf_von_sueden\" name=\"big\" width=\"667\" height=\"395\" id=\"big\" \/><\/td>\n<\/tr>\n<tr>\n<td align=\"right\" valign=\"bottom\" style=\"border-width: 0px; margin: 0px; padding: 0px; text-align: right; vertical-align: bottom;\"><img loading=\"lazy\" decoding=\"async\" src=\"images\/content_img\/wittduen_01.jpg\" alt=\"wittduen_01\" name=\"first\" width=\"30\" height=\"30\" id=\"first\" style=\"margin-top: 0px; margin-right: 10px; margin-bottom: 0px; margin-left: 10px;\" onmouseover=\"MM_swapImage('big','','images\/content_img\/wittduen_01.jpg',0)\" \/><img loading=\"lazy\" decoding=\"async\" src=\"images\/content_img\/wittduen_02.jpg\" alt=\"wittduen_02\" name=\"second\" width=\"30\" height=\"30\" id=\"second\" style=\"margin-top: 0px; margin-right: 10px; margin-bottom: 0px; margin-left: 0px;\" onmouseover=\"MM_swapImage('big','','images\/content_img\/wittduen_02.jpg',0)\" \/><img loading=\"lazy\" decoding=\"async\" src=\"images\/content_img\/wittduen_03.jpg\" alt=\"wittduen_03\" name=\"third\" width=\"30\" height=\"30\" id=\"third\" style=\"margin-top: 0px; margin-right: 10px; margin-bottom: 0px; margin-left: 0px;\" onmouseover=\"MM_swapImage('big','','images\/content_img\/wittduen_03.jpg',0)\" \/><img loading=\"lazy\" decoding=\"async\" src=\"images\/content_img\/wittduen_04.jpg\" alt=\"wittduen_04\" name=\"fourth\" width=\"30\" height=\"30\" id=\"fourth\" style=\"margin-top: 0px; margin-right: 10px; margin-bottom: 0px; margin-left: 0px;\" onmouseover=\"MM_swapImage('big','','images\/content_img\/wittduen_04.jpg',0)\" \/><img loading=\"lazy\" decoding=\"async\" src=\"images\/content_img\/wittduen_05.jpg\" alt=\"wittduen_05\" name=\"fourth\" width=\"30\" height=\"30\" id=\"fourth\" style=\"margin-top: 0px; margin-right: 10px; margin-bottom: 0px; margin-left: 0px;\" onmouseover=\"MM_swapImage('big','','images\/content_img\/wittduen_05.jpg',0)\" \/><img loading=\"lazy\" decoding=\"async\" src=\"images\/content_img\/wittduen_06.jpg\" alt=\"wittduen_06\" name=\"fourth\" width=\"30\" height=\"30\" id=\"fourth\" style=\"margin-top: 0px; margin-right: 10px; margin-bottom: 0px; margin-left: 0px;\" onmouseover=\"MM_swapImage('big','','images\/content_img\/wittduen_06.jpg',0)\" \/><img loading=\"lazy\" decoding=\"async\" src=\"images\/content_img\/wittduen_07.jpg\" alt=\"wittduen_07\" name=\"fourth\" width=\"30\" height=\"30\" id=\"fourth\" style=\"margin-top: 0px; margin-right: 10px; margin-bottom: 0px; margin-left: 0px;\" onmouseover=\"MM_swapImage('big','','images\/content_img\/wittduen_07.jpg',0)\" \/><img loading=\"lazy\" decoding=\"async\" src=\"images\/content_img\/wittduen_08.jpg\" alt=\"wittduen_08\" name=\"first\" width=\"30\" height=\"30\" id=\"first\" style=\"margin-top: 10px; margin-right: 10px; margin-bottom: 0px; margin-left: 10px;\" onmouseover=\"MM_swapImage('big','','images\/content_img\/wittduen_08.jpg',0)\" \/><img loading=\"lazy\" decoding=\"async\" src=\"images\/content_img\/wittduen_09.jpg\" alt=\"wittduen_09\" name=\"second\" width=\"30\" height=\"30\" id=\"second\" style=\"margin-top: 10px; margin-right: 10px; margin-bottom: 0px; margin-left: 0px;\" onmouseover=\"MM_swapImage('big','','images\/content_img\/wittduen_09.jpg',0)\" \/><img loading=\"lazy\" decoding=\"async\" src=\"images\/content_img\/wittduen_10.jpg\" alt=\"wittduen_10\" name=\"third\" width=\"30\" height=\"30\" id=\"third\" style=\"margin-top: 10px; margin-right: 10px; margin-bottom: 0px; margin-left: 0px;\" onmouseover=\"MM_swapImage('big','','images\/content_img\/wittduen_10.jpg',0)\" \/><img loading=\"lazy\" decoding=\"async\" src=\"images\/content_img\/wittduen_11.jpg\" alt=\"wittduen_11\" name=\"fourth\" width=\"30\" height=\"30\" id=\"fourth\" style=\"margin-top: 10px; margin-right: 10px; margin-bottom: 0px; margin-left: 0px;\" onmouseover=\"MM_swapImage('big','','images\/content_img\/wittduen_11.jpg',0)\" \/><img loading=\"lazy\" decoding=\"async\" src=\"images\/content_img\/wittduen_12.jpg\" alt=\"wittduen_12\" name=\"fourth\" width=\"30\" height=\"30\" id=\"fourth\" style=\"margin-top: 10px; margin-right: 10px; margin-bottom: 0px; margin-left: 0px;\" onmouseover=\"MM_swapImage('big','','images\/content_img\/wittduen_12.jpg',0)\" \/><img loading=\"lazy\" decoding=\"async\" src=\"images\/content_img\/wittduen_13.jpg\" alt=\"wittduen_13\" name=\"fourth\" width=\"30\" height=\"30\" id=\"fourth\" style=\"margin-top: 10px; margin-right: 10px; margin-bottom: 0px; margin-left: 0px;\" onmouseover=\"MM_swapImage('big','','images\/content_img\/wittduen_13.jpg',0)\" \/><img loading=\"lazy\" decoding=\"async\" src=\"images\/content_img\/wittduen_14.jpg\" alt=\"wittduen_14\" name=\"fourth\" width=\"30\" height=\"30\" id=\"fourth\" style=\"margin-top: 10px; margin-right: 10px; margin-bottom: 0px; margin-left: 0px;\" onmouseover=\"MM_swapImage('big','','images\/content_img\/wittduen_14.jpg',0)\" \/><\/td>\n<\/tr>\n<\/tbody>\n<\/table>\n<\/div>\n","protected":false},"excerpt":{"rendered":"<p>Resorthotel Wittd\u00fcn \/ Amrum 2006 Projektstudie f\u00fcr ein Hotel mit ca. 200 Betten in Kombination mit einem Wellness- und Kurmittelzentrum in Wittd\u00fcn auf Amrum Architekten &#8211; ArbeitsgemeinschaftPlanungsteam III GmbH &#8211; Dipl. Ing. Klaus L\u00fcbbert Mitarbeit \/&nbsp; Dipl.-Ing. Klaus L\u00fcbbert Architekt J\u00f6rg Quibeldey Visualisierung \/ Architekt J\u00f6rg Quibeldey<\/p>\n","protected":false},"author":1,"featured_media":0,"parent":0,"menu_order":1,"comment_status":"open","ping_status":"open","template":"","meta":{"jetpack_post_was_ever_published":false,"footnotes":""},"class_list":["post-7","page","type-page","status-publish","hentry"],"jetpack_sharing_enabled":true,"jetpack_shortlink":"https:\/\/wp.me\/P9Ii9F-7","jetpack_likes_enabled":true,"jetpack-related-posts":[],"_links":{"self":[{"href":"https:\/\/luebbert-architekten.de\/index.php?rest_route=\/wp\/v2\/pages\/7","targetHints":{"allow":["GET"]}}],"collection":[{"href":"https:\/\/luebbert-architekten.de\/index.php?rest_route=\/wp\/v2\/pages"}],"about":[{"href":"https:\/\/luebbert-architekten.de\/index.php?rest_route=\/wp\/v2\/types\/page"}],"author":[{"embeddable":true,"href":"https:\/\/luebbert-architekten.de\/index.php?rest_route=\/wp\/v2\/users\/1"}],"replies":[{"embeddable":true,"href":"https:\/\/luebbert-architekten.de\/index.php?rest_route=%2Fwp%2Fv2%2Fcomments&post=7"}],"version-history":[{"count":3,"href":"https:\/\/luebbert-architekten.de\/index.php?rest_route=\/wp\/v2\/pages\/7\/revisions"}],"predecessor-version":[{"id":139,"href":"https:\/\/luebbert-architekten.de\/index.php?rest_route=\/wp\/v2\/pages\/7\/revisions\/139"}],"wp:attachment":[{"href":"https:\/\/luebbert-architekten.de\/index.php?rest_route=%2Fwp%2Fv2%2Fmedia&parent=7"}],"curies":[{"name":"wp","href":"https:\/\/api.w.org\/{rel}","templated":true}]}}