{"id":69,"date":"2014-09-29T16:21:17","date_gmt":"2014-09-29T14:21:17","guid":{"rendered":"http:\/\/luebbert-architekten.de\/?page_id=69"},"modified":"2014-09-29T16:21:17","modified_gmt":"2014-09-29T14:21:17","slug":"haus-des-gastes","status":"publish","type":"page","link":"https:\/\/luebbert-architekten.de\/?page_id=69","title":{"rendered":"HAUS DES GASTES"},"content":{"rendered":"<div id=\"content_div\">\n<table cellspacing=\"0\" cellpadding=\"0\" border=\"0\" id=\"content_table\">\n<tbody>\n<tr>\n<td valign=\"top\" id=\"content_td_txt\">\n<h2>HAUS DES GASTES<\/h2>\n<p><small>Wettbewerb \/ Nebel auf Amrum 2010<\/small><\/p>\n<div id=\"main_txt_div\">Beschr\u00e4nkter Realisierungswettbewerb f\u00fcr Umbau und Sanierung des Kurhauses der Gemeinde Nebel auf Amrum und den Anbau eines Veranstaltungssaales <\/p>\n<p>2. Preis<\/p>\n<p> L\u00fcbbert Architekten<\/p>\n<div id=\"credits\">\n<table cellspacing=\"0\" cellpadding=\"0\" border=\"0\">\n<tbody>\n<tr>\n<td valign=\"top\">Mitarbeit \/&nbsp;<\/td>\n<td>Dipl.-Ing. Klaus L\u00fcbbert <br \/> Dipl.-Ing. Martin Brech<\/td>\n<\/tr>\n<\/tbody>\n<\/table>\n<\/div>\n<\/div>\n<\/td>\n<td rowspan=\"2\" id=\"content_td_img\"><img loading=\"lazy\" decoding=\"async\" src=\"images\/content_img\/haus_d_gastes_01.jpg\" alt=\"Haus des Gastes\" name=\"big\" width=\"667\" height=\"395\" id=\"big\" \/><\/td>\n<\/tr>\n<tr>\n<td align=\"right\" valign=\"bottom\" style=\"border-width: 0px; margin: 0px; padding: 0px; text-align: right; vertical-align: bottom;\"><img loading=\"lazy\" decoding=\"async\" src=\"images\/content_img\/haus_d_gastes_01.jpg\" alt=\"haus_d_gastes_01\" name=\"first\" width=\"30\" height=\"30\" id=\"first\" style=\"margin-top: 0px; margin-right: 10px; margin-bottom: 0px; margin-left: 10px;\" onmouseover=\"MM_swapImage('big','','images\/content_img\/haus_d_gastes_01.jpg',0)\" \/><img loading=\"lazy\" decoding=\"async\" src=\"images\/content_img\/haus_d_gastes_02.jpg\" alt=\"haus_d_gastes_02\" name=\"second\" width=\"30\" height=\"30\" id=\"second\" style=\"margin-top: 0px; margin-right: 10px; margin-bottom: 0px; margin-left: 0px;\" onmouseover=\"MM_swapImage('big','','images\/content_img\/haus_d_gastes_02.jpg',0)\" \/><img loading=\"lazy\" decoding=\"async\" src=\"images\/content_img\/haus_d_gastes_03.jpg\" alt=\"haus_d_gastes_03\" name=\"third\" width=\"30\" height=\"30\" id=\"third\" style=\"margin-top: 0px; margin-right: 10px; margin-bottom: 0px; margin-left: 0px;\" onmouseover=\"MM_swapImage('big','','images\/content_img\/haus_d_gastes_03.jpg',0)\" \/><img loading=\"lazy\" decoding=\"async\" src=\"images\/content_img\/haus_d_gastes_04.jpg\" alt=\"haus_d_gastes_04\" name=\"fourth\" width=\"30\" height=\"30\" id=\"fourth\" style=\"margin-top: 0px; margin-right: 10px; margin-bottom: 0px; margin-left: 0px;\" onmouseover=\"MM_swapImage('big','','images\/content_img\/haus_d_gastes_04.jpg',0)\" \/><img loading=\"lazy\" decoding=\"async\" src=\"images\/content_img\/haus_d_gastes_05.jpg\" alt=\"haus_d_gastes_05\" name=\"fourth\" width=\"30\" height=\"30\" id=\"fourth\" style=\"margin-top: 0px; margin-right: 10px; margin-bottom: 0px; margin-left: 0px;\" onmouseover=\"MM_swapImage('big','','images\/content_img\/haus_d_gastes_05.jpg',0)\" \/><img loading=\"lazy\" decoding=\"async\" src=\"images\/content_img\/haus_d_gastes_06.jpg\" alt=\"haus_d_gastes_06\" name=\"fourth\" width=\"30\" height=\"30\" id=\"fourth\" style=\"margin-top: 0px; margin-right: 10px; margin-bottom: 0px; margin-left: 0px;\" onmouseover=\"MM_swapImage('big','','images\/content_img\/haus_d_gastes_06.jpg',0)\" \/><img loading=\"lazy\" decoding=\"async\" src=\"images\/content_img\/haus_d_gastes_07.jpg\" alt=\"haus_d_gastes_07\" name=\"fourth\" width=\"30\" height=\"30\" id=\"fourth\" style=\"margin-top: 0px; margin-right: 10px; margin-bottom: 0px; margin-left: 0px;\" onmouseover=\"MM_swapImage('big','','images\/content_img\/haus_d_gastes_07.jpg',0)\" \/><\/td>\n<\/tr>\n<\/tbody>\n<\/table>\n<\/div>\n","protected":false},"excerpt":{"rendered":"<p>HAUS DES GASTES Wettbewerb \/ Nebel auf Amrum 2010 Beschr\u00e4nkter Realisierungswettbewerb f\u00fcr Umbau und Sanierung des Kurhauses der Gemeinde Nebel auf Amrum und den Anbau eines Veranstaltungssaales 2. Preis L\u00fcbbert Architekten Mitarbeit \/&nbsp; Dipl.-Ing. Klaus L\u00fcbbert Dipl.-Ing. Martin Brech<\/p>\n","protected":false},"author":1,"featured_media":0,"parent":29,"menu_order":1,"comment_status":"open","ping_status":"open","template":"","meta":{"jetpack_post_was_ever_published":false,"footnotes":""},"class_list":["post-69","page","type-page","status-publish","hentry"],"jetpack_sharing_enabled":true,"jetpack_shortlink":"https:\/\/wp.me\/P9Ii9F-17","jetpack_likes_enabled":true,"jetpack-related-posts":[],"_links":{"self":[{"href":"https:\/\/luebbert-architekten.de\/index.php?rest_route=\/wp\/v2\/pages\/69","targetHints":{"allow":["GET"]}}],"collection":[{"href":"https:\/\/luebbert-architekten.de\/index.php?rest_route=\/wp\/v2\/pages"}],"about":[{"href":"https:\/\/luebbert-architekten.de\/index.php?rest_route=\/wp\/v2\/types\/page"}],"author":[{"embeddable":true,"href":"https:\/\/luebbert-architekten.de\/index.php?rest_route=\/wp\/v2\/users\/1"}],"replies":[{"embeddable":true,"href":"https:\/\/luebbert-architekten.de\/index.php?rest_route=%2Fwp%2Fv2%2Fcomments&post=69"}],"version-history":[{"count":1,"href":"https:\/\/luebbert-architekten.de\/index.php?rest_route=\/wp\/v2\/pages\/69\/revisions"}],"predecessor-version":[{"id":70,"href":"https:\/\/luebbert-architekten.de\/index.php?rest_route=\/wp\/v2\/pages\/69\/revisions\/70"}],"up":[{"embeddable":true,"href":"https:\/\/luebbert-architekten.de\/index.php?rest_route=\/wp\/v2\/pages\/29"}],"wp:attachment":[{"href":"https:\/\/luebbert-architekten.de\/index.php?rest_route=%2Fwp%2Fv2%2Fmedia&parent=69"}],"curies":[{"name":"wp","href":"https:\/\/api.w.org\/{rel}","templated":true}]}}