{"id":35,"date":"2014-09-29T12:19:30","date_gmt":"2014-09-29T10:19:30","guid":{"rendered":"http:\/\/luebbert-architekten.de\/?page_id=35"},"modified":"2014-09-29T16:01:05","modified_gmt":"2014-09-29T14:01:05","slug":"buerohaus-deelboege","status":"publish","type":"page","link":"https:\/\/luebbert-architekten.de\/?page_id=35","title":{"rendered":"B\u00dcROHAUS DEELB\u00d6GE"},"content":{"rendered":"<div id=\"content_div\">\n<table id=\"content_table\" border=\"0\" cellspacing=\"0\" cellpadding=\"0\">\n<tbody>\n<tr>\n<td id=\"content_td_txt\" valign=\"top\">\n<h2>B\u00dcROHAUS DEELB\u00d6GE<\/h2>\n<p><small>Projektstudie \/ Hamburg 2002<\/small><\/p>\n<div id=\"main_txt_div\">Projektstudie zum Verwaltungsgeb\u00e4ude f\u00fcr eine Versicherung mit rund 25.000 qm BGF, Cafeteria und zus\u00e4tzlichen Mieteinheiten entlang einer zentralen Erschliessungsachse.<\/p>\n<p> L\u00fcbbert Quibeldey Architekten<\/p><\/div>\n<div id=\"credits\">\n<table border=\"0\" cellspacing=\"0\" cellpadding=\"0\">\n<tbody>\n<tr>\n<td valign=\"top\">Mitarbeit \/&nbsp;<\/td>\n<td>Dipl.-Ing. Klaus L\u00fcbbert <br \/> Architekt J\u00f6rg Quibeldey<\/td>\n<\/tr>\n<\/tbody>\n<\/table>\n<p>Visualisierung \/ Architekt J\u00f6rg Quibeldey<\/div>\n<\/td>\n<td id=\"content_td_img\" rowspan=\"2\"><img loading=\"lazy\" decoding=\"async\" id=\"big\" src=\"images\/content_img\/deelboege_01.jpg\" alt=\"deelboege_01\" name=\"big\" width=\"667\" height=\"395\" \/><\/td>\n<\/tr>\n<tr>\n<td style=\"border-width: 0px; margin: 0px; padding: 0px; text-align: right; vertical-align: bottom;\" align=\"right\" valign=\"bottom\"><img loading=\"lazy\" decoding=\"async\" id=\"third\" style=\"margin-top: 10px; margin-right: 10px; margin-bottom: 0px; margin-left: 0px;\" onmouseover=\"MM_swapImage('big','','images\/content_img\/deelboege_01.jpg',0)\" src=\"images\/content_img\/deelboege_01.jpg\" alt=\"deelboege_01.jpg\" name=\"third\" width=\"30\" height=\"30\" \/><img loading=\"lazy\" decoding=\"async\" id=\"third\" style=\"margin-top: 10px; margin-right: 10px; margin-bottom: 0px; margin-left: 0px;\" onmouseover=\"MM_swapImage('big','','images\/content_img\/deelboege_02.jpg',0)\" src=\"images\/content_img\/deelboege_02.jpg\" alt=\"deelboege_02.jpg\" name=\"third\" width=\"30\" height=\"30\" \/><img loading=\"lazy\" decoding=\"async\" id=\"fourth\" style=\"margin-top: 10px; margin-right: 10px; margin-bottom: 0px; margin-left: 0px;\" onmouseover=\"MM_swapImage('big','','images\/content_img\/deelboege_03.jpg',0)\" src=\"images\/content_img\/deelboege_03.jpg\" alt=\"deelboege_03\" name=\"fourth\" width=\"30\" height=\"30\" \/><img loading=\"lazy\" decoding=\"async\" id=\"fourth\" style=\"margin-top: 10px; margin-right: 10px; margin-bottom: 0px; margin-left: 0px;\" onmouseover=\"MM_swapImage('big','','images\/content_img\/deelboege_05.jpg',0)\" src=\"images\/content_img\/deelboege_05_thumb.jpg\" alt=\"deelboege_05\" name=\"fourth\" width=\"30\" height=\"30\" \/><img loading=\"lazy\" decoding=\"async\" id=\"fourth\" style=\"margin-top: 10px; margin-right: 10px; margin-bottom: 0px; margin-left: 0px;\" onmouseover=\"MM_swapImage('big','','images\/content_img\/deelboege_04.jpg',0)\" src=\"images\/content_img\/deelboege_04_thumb.jpg\" alt=\"deelboege_04\" name=\"fourth\" width=\"30\" height=\"30\" \/><\/td>\n<\/tr>\n<\/tbody>\n<\/table>\n<\/div>\n","protected":false},"excerpt":{"rendered":"<p>B\u00dcROHAUS DEELB\u00d6GE Projektstudie \/ Hamburg 2002 Projektstudie zum Verwaltungsgeb\u00e4ude f\u00fcr eine Versicherung mit rund 25.000 qm BGF, Cafeteria und zus\u00e4tzlichen Mieteinheiten entlang einer zentralen Erschliessungsachse. L\u00fcbbert Quibeldey Architekten Mitarbeit \/&nbsp; Dipl.-Ing. Klaus L\u00fcbbert Architekt J\u00f6rg Quibeldey Visualisierung \/ Architekt J\u00f6rg Quibeldey<\/p>\n","protected":false},"author":1,"featured_media":0,"parent":20,"menu_order":1,"comment_status":"open","ping_status":"open","template":"","meta":{"jetpack_post_was_ever_published":false,"footnotes":""},"class_list":["post-35","page","type-page","status-publish","hentry"],"jetpack_sharing_enabled":true,"jetpack_shortlink":"https:\/\/wp.me\/P9Ii9F-z","jetpack_likes_enabled":true,"jetpack-related-posts":[],"_links":{"self":[{"href":"https:\/\/luebbert-architekten.de\/index.php?rest_route=\/wp\/v2\/pages\/35","targetHints":{"allow":["GET"]}}],"collection":[{"href":"https:\/\/luebbert-architekten.de\/index.php?rest_route=\/wp\/v2\/pages"}],"about":[{"href":"https:\/\/luebbert-architekten.de\/index.php?rest_route=\/wp\/v2\/types\/page"}],"author":[{"embeddable":true,"href":"https:\/\/luebbert-architekten.de\/index.php?rest_route=\/wp\/v2\/users\/1"}],"replies":[{"embeddable":true,"href":"https:\/\/luebbert-architekten.de\/index.php?rest_route=%2Fwp%2Fv2%2Fcomments&post=35"}],"version-history":[{"count":10,"href":"https:\/\/luebbert-architekten.de\/index.php?rest_route=\/wp\/v2\/pages\/35\/revisions"}],"predecessor-version":[{"id":49,"href":"https:\/\/luebbert-architekten.de\/index.php?rest_route=\/wp\/v2\/pages\/35\/revisions\/49"}],"up":[{"embeddable":true,"href":"https:\/\/luebbert-architekten.de\/index.php?rest_route=\/wp\/v2\/pages\/20"}],"wp:attachment":[{"href":"https:\/\/luebbert-architekten.de\/index.php?rest_route=%2Fwp%2Fv2%2Fmedia&parent=35"}],"curies":[{"name":"wp","href":"https:\/\/api.w.org\/{rel}","templated":true}]}}