{"id":18,"date":"2014-09-29T11:54:49","date_gmt":"2014-09-29T09:54:49","guid":{"rendered":"http:\/\/luebbert-architekten.de\/?page_id=18"},"modified":"2024-02-15T19:39:58","modified_gmt":"2024-02-15T17:39:58","slug":"leistungen","status":"publish","type":"page","link":"https:\/\/luebbert-architekten.de\/?page_id=18","title":{"rendered":"Leistungen"},"content":{"rendered":"<div id=\"content_div\">\n<table id=\"content_table\" border=\"0\" cellspacing=\"0\" cellpadding=\"0\">\n<tbody>\n<tr>\n<td id=\"content_td_txt\" valign=\"top\">\n<h2>LEISTUNGEN \/ AUSSTATTUNG<\/h2>\n<p>&nbsp;<\/td>\n<\/tr>\n<tr>\n<td id=\"content_td_txt4\" valign=\"top\">\n<table id=\"leistungen_td\" border=\"0\" cellspacing=\"0\" cellpadding=\"0\">\n<tbody>\n<tr>\n<td id=\"content_td_txt\" valign=\"top\">\n<div id=\"main_txt_div\">\n<p>PLANUNGSSCHWERPUNKTE<\/p>\n<div id=\"credits\">Wohnungsbau<br \/>\nGewerbebau<br \/>\nVerwaltungsbau<br \/>\nHotelbau, Ferienwohnungen<br \/>\nUmbau und Sanierung<br \/>\nProjektentwicklung<br \/>\nProjektstudien<br \/>\nWettbewerbe<\/div>\n<\/div>\n<\/td>\n<td id=\"content_td_txt\" align=\"right\" valign=\"top\">\n<div id=\"main_txt_div\">\n<p>ALLE ARCHITEKTENLEISTUNGEN nach \u00a715 HOAI<\/p>\n<div id=\"credits\">Konzeption \/\u00a0Planung \/ Entwurf<br \/>\nAusf\u00fchrung \/ Bauleitung<br \/>\nMachbarkeitsstudien<br \/>\nst\u00e4dtebauliche Planungen<br \/>\nArchitekturmodelle<br \/>\ndigitale Modelle und<br \/>\nAuftragsvisualisierungen<\/div>\n<\/div>\n<\/td>\n<td id=\"content_td_txt\" align=\"left\" valign=\"top\">\n<div id=\"main_txt_div\">\n<p>B\u00dcROAUSSTATTUNG<\/p>\n<div id=\"credits\">\n<p>Das B\u00fcro ist mit 4 CAD &#8211; Arbeitspl\u00e4tzen ausger\u00fcstet<br \/>\nApple Macintosh, CAD &#8211; Programm: VectorWorks,<br \/>\nAusschreibungsprogramm: Lazy Jack.<\/p>\n<p>Mitarbeiterzahl durchschnittlich:<br \/>\nArchitekten ( 2 )<br \/>\nfreie Mitarbeiter ( 1-2 )<\/p>\n<\/div>\n<\/div>\n<\/td>\n<\/tr>\n<tr>\n<td id=\"content_td_txt\" colspan=\"2\">Das B\u00fcro \u00fcbernimmt alle Planungsleistungen gem\u00e4\u00df HOAI Leistungsphase 1 &#8211; 9<\/td>\n<td id=\"content_td_txt\"><\/td>\n<\/tr>\n<\/tbody>\n<\/table>\n<\/td>\n<\/tr>\n<tr>\n<td style=\"border-width: 0px; margin: 0px; padding: 0px;\" valign=\"top\"><\/td>\n<\/tr>\n<\/tbody>\n<\/table>\n<\/div>\n","protected":false},"excerpt":{"rendered":"<p>LEISTUNGEN \/ AUSSTATTUNG &nbsp; PLANUNGSSCHWERPUNKTE Wohnungsbau Gewerbebau Verwaltungsbau Hotelbau, Ferienwohnungen Umbau und Sanierung Projektentwicklung Projektstudien Wettbewerbe ALLE ARCHITEKTENLEISTUNGEN nach \u00a715 HOAI Konzeption \/\u00a0Planung \/ Entwurf Ausf\u00fchrung \/ Bauleitung Machbarkeitsstudien st\u00e4dtebauliche Planungen Architekturmodelle digitale Modelle und Auftragsvisualisierungen B\u00dcROAUSSTATTUNG Das B\u00fcro ist mit 4 CAD &#8211; Arbeitspl\u00e4tzen ausger\u00fcstet Apple Macintosh, CAD &#8211; Programm: VectorWorks, Ausschreibungsprogramm: Lazy Jack. [&hellip;]<\/p>\n","protected":false},"author":1,"featured_media":0,"parent":5,"menu_order":2,"comment_status":"open","ping_status":"open","template":"","meta":{"jetpack_post_was_ever_published":false,"footnotes":""},"class_list":["post-18","page","type-page","status-publish","hentry"],"jetpack_sharing_enabled":true,"jetpack_shortlink":"https:\/\/wp.me\/P9Ii9F-i","jetpack_likes_enabled":true,"jetpack-related-posts":[],"_links":{"self":[{"href":"https:\/\/luebbert-architekten.de\/index.php?rest_route=\/wp\/v2\/pages\/18","targetHints":{"allow":["GET"]}}],"collection":[{"href":"https:\/\/luebbert-architekten.de\/index.php?rest_route=\/wp\/v2\/pages"}],"about":[{"href":"https:\/\/luebbert-architekten.de\/index.php?rest_route=\/wp\/v2\/types\/page"}],"author":[{"embeddable":true,"href":"https:\/\/luebbert-architekten.de\/index.php?rest_route=\/wp\/v2\/users\/1"}],"replies":[{"embeddable":true,"href":"https:\/\/luebbert-architekten.de\/index.php?rest_route=%2Fwp%2Fv2%2Fcomments&post=18"}],"version-history":[{"count":5,"href":"https:\/\/luebbert-architekten.de\/index.php?rest_route=\/wp\/v2\/pages\/18\/revisions"}],"predecessor-version":[{"id":280,"href":"https:\/\/luebbert-architekten.de\/index.php?rest_route=\/wp\/v2\/pages\/18\/revisions\/280"}],"up":[{"embeddable":true,"href":"https:\/\/luebbert-architekten.de\/index.php?rest_route=\/wp\/v2\/pages\/5"}],"wp:attachment":[{"href":"https:\/\/luebbert-architekten.de\/index.php?rest_route=%2Fwp%2Fv2%2Fmedia&parent=18"}],"curies":[{"name":"wp","href":"https:\/\/api.w.org\/{rel}","templated":true}]}}