{"id":16,"date":"2014-09-29T11:54:36","date_gmt":"2014-09-29T09:54:36","guid":{"rendered":"http:\/\/luebbert-architekten.de\/?page_id=16"},"modified":"2017-05-04T19:49:32","modified_gmt":"2017-05-04T17:49:32","slug":"partner","status":"publish","type":"page","link":"https:\/\/luebbert-architekten.de\/?page_id=16","title":{"rendered":"Partner"},"content":{"rendered":"<div id=\"content_div\">\n<table id=\"content_table\" border=\"0\" cellpadding=\"0\" cellspacing=\"0\">\n<tbody>\n<tr>\n<td id=\"content_td_txt\" valign=\"top\">\n<h2>B\u00dcROENTWICKLUNG &#8211; PARTNER<\/h2>\n<\/td>\n<\/tr>\n<tr>\n<td id=\"content_td_txt4\" valign=\"top\">\n<table border=\"0\" cellspacing=\"0\" cellpadding=\"0\">\n<tbody>\n<tr>\n<td id=\"content_td_txt_partner\" valign=\"top\"><img loading=\"lazy\" decoding=\"async\" alt=\"klaus\" height=\"128\" width=\"128\" src=\"images\/content_img\/klaus.jpg\" \/><\/td>\n<td valign=\"top\" id=\"content_td_txt\" align=\"left\">\n<div id=\"main_txt_div_partner\">Dipl.-Ing. Architekt Klaus L\u00fcbbert<\/p>\n<div id=\"credits_partner\">\n<div id=\"liste\">geb. 1952 in Wasbek \/ Neum\u00fcnster<\/div>\n<div id=\"liste\">1972 &#8211; 1974 Bauzeichnerlehre im Architekturb\u00fcro von Gerkan Marg u. Partner<\/div>\n<div id=\"liste\">1974 &#8211; 1981 Architekturstudium, Diplom f\u00fcr Architektur an der Hochschule f\u00fcr bildende K\u00fcnste in Hamburg<\/div>\n<div id=\"liste\">1982 &#8211; 1991 Mitarbeit im Architekturb\u00fcro v. Gerkan Marg + Partner in Hamburg Bearbeitung zahlreicher Wettbewerbe sowie Projektleitung<\/div>\n<div id=\"liste\">Seit 1991 freischaffender Architekt in Hamburg \/ Partnerschaft mit Dipl. Ing. Architekt Rainer B\u00f6ttcher in Braunschweig<\/div>\n<div id=\"liste\">1996 Eintragung als freischaffender Architekt als Mitglied in der Hamburgischen Architektenkammer<\/div>\n<div id=\"liste\">Architekten B\u00f6ttcher L\u00fcbbert &amp; Partner mit B\u00fcrositz in Hamburg und Braunschweig Partnerschaft bis 1996<\/div>\n<div id=\"liste\">1996 Partnerschaft mit Architekt J\u00f6rg Quibeldey &#8211; L\u00fcbbert &amp; Quibeldey mit B\u00fcrositz in Hamburg &#8211; Partnerschaft bis 2008<\/div>\n<div id=\"liste\">ab 2008 Architekturb\u00fcro L\u00fcbbert mit B\u00fcrositz in Hamburg<\/div>\n<div id=\"liste\">seit 2010 L\u00fcbbert Architekten gemeinsames B\u00fcro mit Dipl.-Ing. Architekt Martin Brech in Hamburg\n<\/div>\n<\/div>\n<\/div>\n<\/td>\n<td id=\"content_td_txt_partner\" valign=\"top\" align=\"left\"><img loading=\"lazy\" decoding=\"async\" alt=\"martin\" height=\"128\" width=\"128\" src=\"images\/content_img\/martin.jpg\" \/><\/td>\n<td id=\"content_td_txt\" valign=\"top\" align=\"left\">\n<div id=\"main_txt_div_partner\">Dipl.-Ing. Architekt u. Stadtplaner Martin Brech<\/p>\n<div id=\"credits_partner\">\n<div id=\"liste\">geb. 1958 in L\u00fcbeck<\/div>\n<div id=\"liste\">1993 Diplom f\u00fcr Architektur und Stadtplanung an der Hochschule f\u00fcr bildende K\u00fcnste in Hamburg<\/div>\n<div id=\"liste\">seit 1990 selbstst\u00e4ndige Projektbearbeitung in freier Mitarbeit f\u00fcr verschiedene Architekturb\u00fcros (u.a. Architekten M\u00f6ller Seifert, L\u00fcbbert Quibeldey, Czerner Sudbrack, Leumann und\/oder Limmroth)<\/div>\n<div id=\"liste\">Erfolgreiche Bearbeitung hochbaulicher und st\u00e4dtebaulicher Wettbewerbe<\/div>\n<div id=\"liste\">Hochbauliche und st\u00e4dtebauliche Projekte (u.a. Bauleitplanung)<\/div>\n<div id=\"liste\">Au\u00dferdem: Architekturmodellbau in eigener Werkstatt<\/div>\n<div id=\"liste\">2008 Eintragung als freischaffender Architekt als Mitglied in der Hamburgischen Architektenkammer<\/div>\n<div id=\"liste\">seit 2010 L\u00fcbbert Architekten gemeinsames B\u00fcro mit Dipl.-Ing. Architekt Klaus L\u00fcbbert in Hamburg<\/div>\n<div id=\"liste\">2011 Eintragung als Stadtplaner in der Hamburgischen Architektenkammer<\/div>\n<\/div>\n<\/div>\n<\/td>\n<\/tr>\n<\/tbody>\n<\/table>\n<\/td>\n<\/tr>\n<tr>\n<td style=\"border-width: 0px; margin: 0px; padding: 0px;\" valign=\"top\"><\/td>\n<\/tr>\n<\/tbody>\n<\/table>\n<\/div>\n","protected":false},"excerpt":{"rendered":"<p>B\u00dcROENTWICKLUNG &#8211; PARTNER Dipl.-Ing. Architekt Klaus L\u00fcbbert geb. 1952 in Wasbek \/ Neum\u00fcnster 1972 &#8211; 1974 Bauzeichnerlehre im Architekturb\u00fcro von Gerkan Marg u. Partner 1974 &#8211; 1981 Architekturstudium, Diplom f\u00fcr Architektur an der Hochschule f\u00fcr bildende K\u00fcnste in Hamburg 1982 &#8211; 1991 Mitarbeit im Architekturb\u00fcro v. Gerkan Marg + Partner in Hamburg Bearbeitung zahlreicher Wettbewerbe [&hellip;]<\/p>\n","protected":false},"author":1,"featured_media":0,"parent":5,"menu_order":1,"comment_status":"open","ping_status":"open","template":"","meta":{"jetpack_post_was_ever_published":false,"footnotes":""},"class_list":["post-16","page","type-page","status-publish","hentry"],"jetpack_sharing_enabled":true,"jetpack_shortlink":"https:\/\/wp.me\/P9Ii9F-g","jetpack_likes_enabled":true,"jetpack-related-posts":[],"_links":{"self":[{"href":"https:\/\/luebbert-architekten.de\/index.php?rest_route=\/wp\/v2\/pages\/16","targetHints":{"allow":["GET"]}}],"collection":[{"href":"https:\/\/luebbert-architekten.de\/index.php?rest_route=\/wp\/v2\/pages"}],"about":[{"href":"https:\/\/luebbert-architekten.de\/index.php?rest_route=\/wp\/v2\/types\/page"}],"author":[{"embeddable":true,"href":"https:\/\/luebbert-architekten.de\/index.php?rest_route=\/wp\/v2\/users\/1"}],"replies":[{"embeddable":true,"href":"https:\/\/luebbert-architekten.de\/index.php?rest_route=%2Fwp%2Fv2%2Fcomments&post=16"}],"version-history":[{"count":8,"href":"https:\/\/luebbert-architekten.de\/index.php?rest_route=\/wp\/v2\/pages\/16\/revisions"}],"predecessor-version":[{"id":188,"href":"https:\/\/luebbert-architekten.de\/index.php?rest_route=\/wp\/v2\/pages\/16\/revisions\/188"}],"up":[{"embeddable":true,"href":"https:\/\/luebbert-architekten.de\/index.php?rest_route=\/wp\/v2\/pages\/5"}],"wp:attachment":[{"href":"https:\/\/luebbert-architekten.de\/index.php?rest_route=%2Fwp%2Fv2%2Fmedia&parent=16"}],"curies":[{"name":"wp","href":"https:\/\/api.w.org\/{rel}","templated":true}]}}